{"id":178,"date":"2021-02-14T12:23:03","date_gmt":"2021-02-14T11:23:03","guid":{"rendered":"https:\/\/giardinodoriente.it\/?page_id=178"},"modified":"2024-07-06T21:19:50","modified_gmt":"2024-07-06T19:19:50","slug":"chi-siamo","status":"publish","type":"page","link":"https:\/\/giardinodoriente.it\/index.php\/chi-siamo\/","title":{"rendered":"Chi siamo"},"content":{"rendered":"\n<p>Gentile Visitatore,<\/p>\n\n\n\n<p>sono Stefano, sar\u00f2 io ad accoglierti e ospitarti nel tuo soggiorno a Otranto.<\/p>\n\n\n\n<p>Lo staff di Giardino d&#8217;Oriente sar\u00e0 sempre pronto a consigliarti dove andare a mangiare in luoghi caldi, accoglienti e tipici, o a suggerirti i percorsi migliori e le pi\u00f9 belle escursioni via terra e anche via mare che potrai svolgere nella bellissima Otranto e non solo.<\/p>\n\n\n\n<p>Vieni a trovarci anche solo per il week-end, troverai familiarit\u00e0, cortesia e professionalit\u00e0 che render\u00e0 il tuo soggiorno unico ed indimenticabile.<\/p>\n\n\n\n<div class=\"wp-block-media-text alignwide has-media-on-the-right is-stacked-on-mobile\" style=\"grid-template-columns:auto 53%\"><div class=\"wp-block-media-text__content\">\n<p style=\"font-size:14px\">Giardino d&#8217;Oriente \u00e8 situato sulla litoranea&nbsp;<strong>Otranto-Alimini<\/strong>. Vi offrir\u00e0 tranquillit\u00e0 e ospitalit\u00e0.<br>La struttura dispone di ampie e spaziose camere con servizi privati; un giardino grande e luminoso vero punto relax della struttura; parcheggio sempre libero e gratuito nello spazio antistante alla struttura.<br>Nelle vicinanze troverete servizi utili all\u2019ospite: supermercati, pronto-chef, bar, stazione ferroviaria, trasporti pubblici (nel periodo estivo)\u2026.. punto di partenza ideale per la vostra tranquilla vacanza nel Salento.<br>A poco pi\u00f9 di un km troverete le spiagge di&nbsp;<strong>Baia dei Turchi<\/strong>&nbsp;ed&nbsp;<strong>Alimini<\/strong>&nbsp;dove potrete trascorrere qualche ora al mare. Inoltre, a 40 km da noi \u00e8 possibile visitare l\u2019incantevole&nbsp;<strong>Lecce<\/strong>&nbsp;capitale del Barocco.<\/p>\n<\/div><figure class=\"wp-block-media-text__media\"><img fetchpriority=\"high\" decoding=\"async\" width=\"960\" height=\"576\" src=\"https:\/\/giardinodoriente.it\/wp-content\/uploads\/2021\/02\/23-1.jpg\" alt=\"\" class=\"wp-image-182 size-full\"\/><\/figure><\/div>\n\n\n\n<h2 class=\"wp-block-heading has-text-align-center\">Segui le nostre pagine social e lascia un commento oppure inviaci un&#8217;email o contattaci su WhatsApp<\/h2>\n\n\n\n<div class=\"wp-block-columns is-layout-flex wp-container-core-columns-is-layout-9d6595d7 wp-block-columns-is-layout-flex\">\n<div class=\"wp-block-column is-layout-flow wp-block-column-is-layout-flow\" style=\"flex-basis:25%\"><div class=\"wp-block-image\">\n<figure class=\"aligncenter size-large is-resized\"><a href=\"https:\/\/www.facebook.com\/Giardino-dOriente-BB-154237598771177\/?ref=page_internal\"><img decoding=\"async\" width=\"500\" height=\"500\" src=\"https:\/\/giardinodoriente.it\/wp-content\/uploads\/2021\/02\/LOGO-FACEBOOK-1.jpg\" alt=\"\" class=\"wp-image-190\" style=\"width:129px;height:129px\"\/><\/a><\/figure>\n<\/div>\n\n\n<p class=\"has-text-align-center\"><strong>Giardino d&#8217;Oriente B&amp;B<\/strong><\/p>\n<\/div>\n\n\n\n<div class=\"wp-block-column is-layout-flow wp-block-column-is-layout-flow\" style=\"flex-basis:25%\"><div class=\"wp-block-image\">\n<figure class=\"aligncenter size-large is-resized\"><a href=\"https:\/\/www.instagram.com\/giardino_doriente_\/?hl=it\"><img decoding=\"async\" width=\"500\" height=\"500\" src=\"https:\/\/giardinodoriente.it\/wp-content\/uploads\/2021\/02\/logo-instagram-1.jpg\" alt=\"\" class=\"wp-image-191\" style=\"width:129px\"\/><\/a><\/figure>\n<\/div>\n\n\n<p class=\"has-text-align-center\"><strong>giardino_doriente_<\/strong><\/p>\n\n\n\n<p><\/p>\n<\/div>\n\n\n\n<div class=\"wp-block-column is-layout-flow wp-block-column-is-layout-flow\" style=\"flex-basis:24.99%\"><div class=\"wp-block-image\">\n<figure class=\"aligncenter size-large is-resized\"><img loading=\"lazy\" decoding=\"async\" width=\"500\" height=\"500\" src=\"https:\/\/giardinodoriente.it\/wp-content\/uploads\/2021\/02\/logo-gmail-1.png\" alt=\"\" class=\"wp-image-211\" style=\"width:129px\"\/><\/figure>\n<\/div>\n\n\n<p class=\"has-text-align-center has-medium-font-size\"><strong>giardinodoriente@hotmail.com<\/strong><\/p>\n<\/div>\n\n\n\n<div class=\"wp-block-column is-layout-flow wp-block-column-is-layout-flow\" style=\"flex-basis:25%\"><div class=\"wp-block-image\">\n<figure class=\"aligncenter size-large is-resized\"><img loading=\"lazy\" decoding=\"async\" width=\"500\" height=\"500\" src=\"https:\/\/giardinodoriente.it\/wp-content\/uploads\/2021\/02\/LOGO-WHATS-1.png\" alt=\"\" class=\"wp-image-192\" style=\"width:129px\"\/><\/figure>\n<\/div>\n\n\n<p class=\"has-text-align-center\" style=\"font-size:19px\"><a href=\"https:\/\/api.whatsapp.com\/send?phone=393338934219219\"><\/a><a href=\"tel:+39 3398934219\">+393338934219<\/a><\/p>\n<\/div>\n<\/div>\n\n\n\n<div class=\"wp-block-columns is-layout-flex wp-container-core-columns-is-layout-9d6595d7 wp-block-columns-is-layout-flex\">\n<div class=\"wp-block-column is-layout-flow wp-block-column-is-layout-flow\">\n<p class=\"has-text-align-center\"><a href=\"https:\/\/giardinodoriente.it\/index.php\/chi-siamo\/\" data-type=\"page\" data-id=\"178\">ABOUT US<\/a><\/p>\n<\/div>\n\n\n\n<div class=\"wp-block-column is-layout-flow wp-block-column-is-layout-flow\">\n<p class=\"has-text-align-center\"><a href=\"https:\/\/giardinodoriente.it\/index.php\/privacy-policy\/\" data-type=\"page\" data-id=\"3\">PRIVACY POLICY<\/a><\/p>\n<\/div>\n<\/div>\n\n\n\n<p><\/p>\n","protected":false},"excerpt":{"rendered":"<p>Gentile Visitatore, sono Stefano, sar\u00f2 io ad accoglierti e ospitarti nel tuo soggiorno a Otranto. Lo staff di Giardino d&#8217;Oriente sar\u00e0 sempre pronto a consigliarti dove andare a mangiare in luoghi caldi, accoglienti e tipici, o a suggerirti i percorsi migliori e le pi\u00f9 belle escursioni via terra e anche via mare che potrai svolgere &hellip; <a href=\"https:\/\/giardinodoriente.it\/index.php\/chi-siamo\/\" class=\"more-link\">Continue reading<span class=\"screen-reader-text\"> &#8220;Chi siamo&#8221;<\/span><\/a><\/p>\n","protected":false},"author":1,"featured_media":323,"parent":0,"menu_order":0,"comment_status":"closed","ping_status":"closed","template":"template-full-width-page.php","meta":{"footnotes":""},"class_list":["post-178","page","type-page","status-publish","has-post-thumbnail","hentry"],"yoast_head":"<!-- This site is optimized with the Yoast SEO plugin v27.2 - https:\/\/yoast.com\/product\/yoast-seo-wordpress\/ -->\n<title>Chi siamo - Giardino d&#039;Oriente<\/title>\n<meta name=\"robots\" content=\"index, follow, max-snippet:-1, max-image-preview:large, max-video-preview:-1\" \/>\n<link rel=\"canonical\" href=\"https:\/\/giardinodoriente.it\/index.php\/chi-siamo\/\" \/>\n<meta property=\"og:locale\" content=\"it_IT\" \/>\n<meta property=\"og:type\" content=\"article\" \/>\n<meta property=\"og:title\" content=\"Chi siamo - Giardino d&#039;Oriente\" \/>\n<meta property=\"og:description\" content=\"Gentile Visitatore, sono Stefano, sar\u00f2 io ad accoglierti e ospitarti nel tuo soggiorno a Otranto. Lo staff di Giardino d&#8217;Oriente sar\u00e0 sempre pronto a consigliarti dove andare a mangiare in luoghi caldi, accoglienti e tipici, o a suggerirti i percorsi migliori e le pi\u00f9 belle escursioni via terra e anche via mare che potrai svolgere &hellip; Continue reading &quot;Chi siamo&quot;\" \/>\n<meta property=\"og:url\" content=\"https:\/\/giardinodoriente.it\/index.php\/chi-siamo\/\" \/>\n<meta property=\"og:site_name\" content=\"Giardino d&#039;Oriente\" \/>\n<meta property=\"article:modified_time\" content=\"2024-07-06T19:19:50+00:00\" \/>\n<meta property=\"og:image\" content=\"https:\/\/giardinodoriente.it\/wp-content\/uploads\/2021\/02\/FOTO-COPERTINA-2.jpg\" \/>\n\t<meta property=\"og:image:width\" content=\"1600\" \/>\n\t<meta property=\"og:image:height\" content=\"898\" \/>\n\t<meta property=\"og:image:type\" content=\"image\/jpeg\" \/>\n<meta name=\"twitter:card\" content=\"summary_large_image\" \/>\n<meta name=\"twitter:label1\" content=\"Tempo di lettura stimato\" \/>\n\t<meta name=\"twitter:data1\" content=\"1 minuto\" \/>\n<script type=\"application\/ld+json\" class=\"yoast-schema-graph\">{\"@context\":\"https:\/\/schema.org\",\"@graph\":[{\"@type\":\"WebPage\",\"@id\":\"https:\/\/giardinodoriente.it\/index.php\/chi-siamo\/\",\"url\":\"https:\/\/giardinodoriente.it\/index.php\/chi-siamo\/\",\"name\":\"Chi siamo - Giardino d&#039;Oriente\",\"isPartOf\":{\"@id\":\"https:\/\/giardinodoriente.it\/#website\"},\"primaryImageOfPage\":{\"@id\":\"https:\/\/giardinodoriente.it\/index.php\/chi-siamo\/#primaryimage\"},\"image\":{\"@id\":\"https:\/\/giardinodoriente.it\/index.php\/chi-siamo\/#primaryimage\"},\"thumbnailUrl\":\"https:\/\/giardinodoriente.it\/wp-content\/uploads\/2021\/02\/FOTO-COPERTINA-2.jpg\",\"datePublished\":\"2021-02-14T11:23:03+00:00\",\"dateModified\":\"2024-07-06T19:19:50+00:00\",\"breadcrumb\":{\"@id\":\"https:\/\/giardinodoriente.it\/index.php\/chi-siamo\/#breadcrumb\"},\"inLanguage\":\"it-IT\",\"potentialAction\":[{\"@type\":\"ReadAction\",\"target\":[\"https:\/\/giardinodoriente.it\/index.php\/chi-siamo\/\"]}]},{\"@type\":\"ImageObject\",\"inLanguage\":\"it-IT\",\"@id\":\"https:\/\/giardinodoriente.it\/index.php\/chi-siamo\/#primaryimage\",\"url\":\"https:\/\/giardinodoriente.it\/wp-content\/uploads\/2021\/02\/FOTO-COPERTINA-2.jpg\",\"contentUrl\":\"https:\/\/giardinodoriente.it\/wp-content\/uploads\/2021\/02\/FOTO-COPERTINA-2.jpg\",\"width\":1600,\"height\":898},{\"@type\":\"BreadcrumbList\",\"@id\":\"https:\/\/giardinodoriente.it\/index.php\/chi-siamo\/#breadcrumb\",\"itemListElement\":[{\"@type\":\"ListItem\",\"position\":1,\"name\":\"Home\",\"item\":\"https:\/\/giardinodoriente.it\/\"},{\"@type\":\"ListItem\",\"position\":2,\"name\":\"Chi siamo\"}]},{\"@type\":\"WebSite\",\"@id\":\"https:\/\/giardinodoriente.it\/#website\",\"url\":\"https:\/\/giardinodoriente.it\/\",\"name\":\"Giardino d&#039;Oriente\",\"description\":\"Room &amp; Suite\",\"potentialAction\":[{\"@type\":\"SearchAction\",\"target\":{\"@type\":\"EntryPoint\",\"urlTemplate\":\"https:\/\/giardinodoriente.it\/?s={search_term_string}\"},\"query-input\":{\"@type\":\"PropertyValueSpecification\",\"valueRequired\":true,\"valueName\":\"search_term_string\"}}],\"inLanguage\":\"it-IT\"}]}<\/script>\n<!-- \/ Yoast SEO plugin. -->","yoast_head_json":{"title":"Chi siamo - Giardino d&#039;Oriente","robots":{"index":"index","follow":"follow","max-snippet":"max-snippet:-1","max-image-preview":"max-image-preview:large","max-video-preview":"max-video-preview:-1"},"canonical":"https:\/\/giardinodoriente.it\/index.php\/chi-siamo\/","og_locale":"it_IT","og_type":"article","og_title":"Chi siamo - Giardino d&#039;Oriente","og_description":"Gentile Visitatore, sono Stefano, sar\u00f2 io ad accoglierti e ospitarti nel tuo soggiorno a Otranto. Lo staff di Giardino d&#8217;Oriente sar\u00e0 sempre pronto a consigliarti dove andare a mangiare in luoghi caldi, accoglienti e tipici, o a suggerirti i percorsi migliori e le pi\u00f9 belle escursioni via terra e anche via mare che potrai svolgere &hellip; Continue reading \"Chi siamo\"","og_url":"https:\/\/giardinodoriente.it\/index.php\/chi-siamo\/","og_site_name":"Giardino d&#039;Oriente","article_modified_time":"2024-07-06T19:19:50+00:00","og_image":[{"width":1600,"height":898,"url":"https:\/\/giardinodoriente.it\/wp-content\/uploads\/2021\/02\/FOTO-COPERTINA-2.jpg","type":"image\/jpeg"}],"twitter_card":"summary_large_image","twitter_misc":{"Tempo di lettura stimato":"1 minuto"},"schema":{"@context":"https:\/\/schema.org","@graph":[{"@type":"WebPage","@id":"https:\/\/giardinodoriente.it\/index.php\/chi-siamo\/","url":"https:\/\/giardinodoriente.it\/index.php\/chi-siamo\/","name":"Chi siamo - Giardino d&#039;Oriente","isPartOf":{"@id":"https:\/\/giardinodoriente.it\/#website"},"primaryImageOfPage":{"@id":"https:\/\/giardinodoriente.it\/index.php\/chi-siamo\/#primaryimage"},"image":{"@id":"https:\/\/giardinodoriente.it\/index.php\/chi-siamo\/#primaryimage"},"thumbnailUrl":"https:\/\/giardinodoriente.it\/wp-content\/uploads\/2021\/02\/FOTO-COPERTINA-2.jpg","datePublished":"2021-02-14T11:23:03+00:00","dateModified":"2024-07-06T19:19:50+00:00","breadcrumb":{"@id":"https:\/\/giardinodoriente.it\/index.php\/chi-siamo\/#breadcrumb"},"inLanguage":"it-IT","potentialAction":[{"@type":"ReadAction","target":["https:\/\/giardinodoriente.it\/index.php\/chi-siamo\/"]}]},{"@type":"ImageObject","inLanguage":"it-IT","@id":"https:\/\/giardinodoriente.it\/index.php\/chi-siamo\/#primaryimage","url":"https:\/\/giardinodoriente.it\/wp-content\/uploads\/2021\/02\/FOTO-COPERTINA-2.jpg","contentUrl":"https:\/\/giardinodoriente.it\/wp-content\/uploads\/2021\/02\/FOTO-COPERTINA-2.jpg","width":1600,"height":898},{"@type":"BreadcrumbList","@id":"https:\/\/giardinodoriente.it\/index.php\/chi-siamo\/#breadcrumb","itemListElement":[{"@type":"ListItem","position":1,"name":"Home","item":"https:\/\/giardinodoriente.it\/"},{"@type":"ListItem","position":2,"name":"Chi siamo"}]},{"@type":"WebSite","@id":"https:\/\/giardinodoriente.it\/#website","url":"https:\/\/giardinodoriente.it\/","name":"Giardino d&#039;Oriente","description":"Room &amp; Suite","potentialAction":[{"@type":"SearchAction","target":{"@type":"EntryPoint","urlTemplate":"https:\/\/giardinodoriente.it\/?s={search_term_string}"},"query-input":{"@type":"PropertyValueSpecification","valueRequired":true,"valueName":"search_term_string"}}],"inLanguage":"it-IT"}]}},"_links":{"self":[{"href":"https:\/\/giardinodoriente.it\/index.php\/wp-json\/wp\/v2\/pages\/178","targetHints":{"allow":["GET"]}}],"collection":[{"href":"https:\/\/giardinodoriente.it\/index.php\/wp-json\/wp\/v2\/pages"}],"about":[{"href":"https:\/\/giardinodoriente.it\/index.php\/wp-json\/wp\/v2\/types\/page"}],"author":[{"embeddable":true,"href":"https:\/\/giardinodoriente.it\/index.php\/wp-json\/wp\/v2\/users\/1"}],"replies":[{"embeddable":true,"href":"https:\/\/giardinodoriente.it\/index.php\/wp-json\/wp\/v2\/comments?post=178"}],"version-history":[{"count":60,"href":"https:\/\/giardinodoriente.it\/index.php\/wp-json\/wp\/v2\/pages\/178\/revisions"}],"predecessor-version":[{"id":676,"href":"https:\/\/giardinodoriente.it\/index.php\/wp-json\/wp\/v2\/pages\/178\/revisions\/676"}],"wp:featuredmedia":[{"embeddable":true,"href":"https:\/\/giardinodoriente.it\/index.php\/wp-json\/wp\/v2\/media\/323"}],"wp:attachment":[{"href":"https:\/\/giardinodoriente.it\/index.php\/wp-json\/wp\/v2\/media?parent=178"}],"curies":[{"name":"wp","href":"https:\/\/api.w.org\/{rel}","templated":true}]}}